{"id":1421,"date":"2023-10-15T17:40:40","date_gmt":"2023-10-15T17:40:40","guid":{"rendered":"http:\/\/excelenciaorganizacional.com\/?page_id=1421"},"modified":"2023-10-16T01:39:04","modified_gmt":"2023-10-16T01:39:04","slug":"taller-de-mantenimiento-autonomo-pasos-0-al-3-hands-on","status":"publish","type":"page","link":"http:\/\/excelenciaorganizacional.com\/index.php\/talleres\/taller-de-mantenimiento-autonomo-pasos-0-al-3-hands-on\/","title":{"rendered":"Taller de Mantenimiento Aut\u00f3nomo para Fase I: Pasos 0 al 3 (Hands-On)"},"content":{"rendered":"\n<div class=\"wp-block-image\"><figure class=\"aligncenter is-resized\"><img loading=\"lazy\" decoding=\"async\" src=\"http:\/\/excelenciaorganizacional.com\/wp-content\/uploads\/2023\/10\/AM.png\" alt=\"\" class=\"wp-image-1424\" width=\"347\" height=\"182\"\/><\/figure><\/div>\n\n\n\n<p><strong>Objetivos:<\/strong><\/p>\n\n\n\n<p>Al final del Taller, los participantes desarrollar\u00e1n las Aptitudes y Actitudes necesarias para lograr un Liderazgo Efectivo para la adecuada implementaci\u00f3n de la metodolog\u00eda de Mantenimiento Aut\u00f3nomo Pasos 0-3, a trav\u00e9s de un programa TEORICO-VIVENCIAL en una L\u00ednea de Producci\u00f3n Piloto, que les permita \u201cvivir\u201d la metodolog\u00eda para su posterior replicaci\u00f3n en el resto de las L\u00edneas de Producci\u00f3n.<\/p>\n\n\n\n<ol class=\"wp-block-list\"><li>Desarrollar de las habilidades de los participantes y la construcci\u00f3n de una cultura, en la que se identifiquen y solucionen los defectos, y su adherencia a los est\u00e1ndares.<\/li><li>Desarrollar el concepto de \u201cDue\u00f1os de Equipo\u201d (Equipment Owners) y puedan realmente llegar a conocer su equipo de operaci\u00f3n a fondo.<\/li><li>Practicar la restauraci\u00f3n de su equipo y llevarlo a condiciones b\u00e1sicas (Limpieza, Inspecci\u00f3n y Lubricaci\u00f3n), as\u00ed como eliminar\/reducir las p\u00e9rdidas de sus equipos (paros menores).<\/li><li>Desarrollar las normas tentativas de Limpieza, Inspecci\u00f3n y Lubricaci\u00f3n (LIL) y establecer los Centerlines del equipo.<\/li><li>Implementar los sistemas de administraci\u00f3n diaria (DMS) para soportar el mantenimiento de las condiciones b\u00e1sicas (Manejo de Defectos, Norma LIL y Centerlines).<\/li><\/ol>\n\n\n\n<p>\n\n\n\n\n\n\n\n\n\n\n\n\n\n\n\n\nLa estructura del Taller est\u00e1 basada en la metodolog\u00eda\ndel Pilar de Mantenimiento Aut\u00f3nomo del programa de TPM del JIPM, que requiere\nde una duraci\u00f3n de 5 d\u00edas consecutivos, donde los participantes estar\u00e1n\nexpuestos a los elementos te\u00f3ricos de cada uno de los pasos, mismos que pondr\u00e1n\nen pr\u00e1ctica en la vida real. \n\n\n\n<\/p>\n\n\n\n<div class=\"wp-block-image\"><figure class=\"aligncenter is-resized\"><img loading=\"lazy\" decoding=\"async\" src=\"http:\/\/excelenciaorganizacional.com\/wp-content\/uploads\/2023\/10\/KK.png\" alt=\"\" class=\"wp-image-1431\" width=\"403\" height=\"205\" srcset=\"http:\/\/excelenciaorganizacional.com\/wp-content\/uploads\/2023\/10\/KK.png 538w, http:\/\/excelenciaorganizacional.com\/wp-content\/uploads\/2023\/10\/KK-300x153.png 300w, http:\/\/excelenciaorganizacional.com\/wp-content\/uploads\/2023\/10\/KK-210x107.png 210w\" sizes=\"auto, (max-width: 403px) 100vw, 403px\" \/><\/figure><\/div>\n\n\n\n<p><strong>Temario:<\/strong><\/p>\n\n\n\n<ul class=\"wp-block-list\"><li>Bienvenida y Log\u00edstica del Taller<\/li><li>Paso 0: Introducci\u00f3n Te\u00f3rica, implementaci\u00f3n del Paso y Auditor\u00eda &#8211; Duraci\u00f3n: (mitad del d\u00eda Lunes)<\/li><li>Paso 1: Introducci\u00f3n Te\u00f3rica, implementaci\u00f3n del Paso y Auditor\u00eda &#8211; Duraci\u00f3n: (mitad del Lunes &#8211; Martes)<\/li><li>Paso 2: Introducci\u00f3n Te\u00f3rica, implementaci\u00f3n del Paso y Auditor\u00eda &#8211; Duraci\u00f3n: (Mi\u00e9rcoles &#8211; Jueves)<\/li><li>Paso 3: Introducci\u00f3n Te\u00f3rica, implementaci\u00f3n del Paso y Auditor\u00eda &#8211; Duraci\u00f3n: (Jueves &#8211; Viernes)<\/li><li>Celebraci\u00f3n y Cierre del Taller<\/li><\/ul>\n\n\n\n<figure class=\"wp-block-image\"><img loading=\"lazy\" decoding=\"async\" width=\"1024\" height=\"596\" src=\"http:\/\/excelenciaorganizacional.com\/wp-content\/uploads\/2023\/10\/TPM-3-1024x596.jpg\" alt=\"\" class=\"wp-image-1301\" srcset=\"http:\/\/excelenciaorganizacional.com\/wp-content\/uploads\/2023\/10\/TPM-3-1024x596.jpg 1024w, http:\/\/excelenciaorganizacional.com\/wp-content\/uploads\/2023\/10\/TPM-3-300x175.jpg 300w, http:\/\/excelenciaorganizacional.com\/wp-content\/uploads\/2023\/10\/TPM-3-768x447.jpg 768w, http:\/\/excelenciaorganizacional.com\/wp-content\/uploads\/2023\/10\/TPM-3-210x122.jpg 210w, http:\/\/excelenciaorganizacional.com\/wp-content\/uploads\/2023\/10\/TPM-3.jpg 1495w\" sizes=\"auto, (max-width: 1024px) 100vw, 1024px\" \/><\/figure>\n\n\n\n<p><strong>Beneficios:<\/strong><\/p>\n\n\n\n<p>Los participantes desarrollar\u00e1n las capacidades y habilidades necesarias para la adecuada Implementaci\u00f3n de los Pasos 0 al 3 del Pilar de Mantenimiento Aut\u00f3nomo. Reforzar\u00e1n la importancia que tiene el factor \u201cGENTE\u201d durante la implementaci\u00f3n de cada uno de los pasos y podr\u00e1n generar al final del Taller un plan para fortalecer la implementaci\u00f3n de Mantenimiento Aut\u00f3nomo en su planta.  Podr\u00e1n liderar estos esfuerzos en el resto de la organizaci\u00f3n despu\u00e9s de haber &#8220;vivido&#8221; y experimentado los retos y barreras potenciales que surgen durante su ejecuci\u00f3n, de forma que aseguren los resultados del Pilar de forma sostenible.<\/p>\n\n\n\n<p><strong>Dirigido a:<\/strong><\/p>\n\n\n\n<p>Gerentes de Planta, Mandos Gerenciales de Manufactura (\u00c1reas de Operaciones, Mantenimiento, Calidad, RH, Seguridad e Higiene, etc.), Mandos Intermedios, L\u00edderes de L\u00ednea, de Turno y de Mantenimiento.<\/p>\n","protected":false},"excerpt":{"rendered":"<p>Objetivos: Al final del Taller, los participantes desarrollar\u00e1n las Aptitudes y Actitudes necesarias para lograr un Liderazgo Efectivo para la adecuada implementaci\u00f3n de la metodolog\u00eda de Mantenimiento Aut\u00f3nomo Pasos 0-3, &hellip; <a class=\"readmore\" href=\"http:\/\/excelenciaorganizacional.com\/index.php\/talleres\/taller-de-mantenimiento-autonomo-pasos-0-al-3-hands-on\/\">Continuar Leyendo &rarr;<\/a><\/p>\n","protected":false},"author":1,"featured_media":0,"parent":262,"menu_order":0,"comment_status":"closed","ping_status":"closed","template":"","meta":{"footnotes":""},"class_list":["post-1421","page","type-page","status-publish","hentry"],"_links":{"self":[{"href":"http:\/\/excelenciaorganizacional.com\/index.php\/wp-json\/wp\/v2\/pages\/1421","targetHints":{"allow":["GET"]}}],"collection":[{"href":"http:\/\/excelenciaorganizacional.com\/index.php\/wp-json\/wp\/v2\/pages"}],"about":[{"href":"http:\/\/excelenciaorganizacional.com\/index.php\/wp-json\/wp\/v2\/types\/page"}],"author":[{"embeddable":true,"href":"http:\/\/excelenciaorganizacional.com\/index.php\/wp-json\/wp\/v2\/users\/1"}],"replies":[{"embeddable":true,"href":"http:\/\/excelenciaorganizacional.com\/index.php\/wp-json\/wp\/v2\/comments?post=1421"}],"version-history":[{"count":8,"href":"http:\/\/excelenciaorganizacional.com\/index.php\/wp-json\/wp\/v2\/pages\/1421\/revisions"}],"predecessor-version":[{"id":1446,"href":"http:\/\/excelenciaorganizacional.com\/index.php\/wp-json\/wp\/v2\/pages\/1421\/revisions\/1446"}],"up":[{"embeddable":true,"href":"http:\/\/excelenciaorganizacional.com\/index.php\/wp-json\/wp\/v2\/pages\/262"}],"wp:attachment":[{"href":"http:\/\/excelenciaorganizacional.com\/index.php\/wp-json\/wp\/v2\/media?parent=1421"}],"curies":[{"name":"wp","href":"https:\/\/api.w.org\/{rel}","templated":true}]}}