{"id":1592,"date":"2024-04-27T16:42:12","date_gmt":"2024-04-27T16:42:12","guid":{"rendered":"http:\/\/excelenciaorganizacional.com\/?page_id=1592"},"modified":"2024-04-27T17:09:29","modified_gmt":"2024-04-27T17:09:29","slug":"donativo-2023","status":"publish","type":"page","link":"http:\/\/excelenciaorganizacional.com\/index.php\/apec-ayuda-con-causa\/donativo-2023\/","title":{"rendered":"Donativo 2023"},"content":{"rendered":"\n<div class=\"wp-block-image\"><figure class=\"aligncenter\"><img loading=\"lazy\" decoding=\"async\" width=\"1024\" height=\"576\" src=\"http:\/\/excelenciaorganizacional.com\/wp-content\/uploads\/2024\/04\/Donativo-2023-1024x576.png\" alt=\"\" class=\"wp-image-1594\" srcset=\"http:\/\/excelenciaorganizacional.com\/wp-content\/uploads\/2024\/04\/Donativo-2023-1024x576.png 1024w, http:\/\/excelenciaorganizacional.com\/wp-content\/uploads\/2024\/04\/Donativo-2023-300x169.png 300w, http:\/\/excelenciaorganizacional.com\/wp-content\/uploads\/2024\/04\/Donativo-2023-768x432.png 768w, http:\/\/excelenciaorganizacional.com\/wp-content\/uploads\/2024\/04\/Donativo-2023-210x118.png 210w, http:\/\/excelenciaorganizacional.com\/wp-content\/uploads\/2024\/04\/Donativo-2023.png 1244w\" sizes=\"auto, (max-width: 1024px) 100vw, 1024px\" \/><\/figure><\/div>\n\n\n\n<p>Como parte de nuestra filosof\u00eda institucional, un porcentaje de nuestros ingresos anuales se destinan para contribuir con nuestro granito de arena en esta importante causa social. Es por esto que, dentro del marco de la celebraci\u00f3n de nuestro 8o. Aniversario, el Ing. Guillermo Gutierrez D\u00edaz, Director General de Consultor\u00eda en Excelencia Organizacional, hizo entrega en Junio del 2023 del Donativo Anual a la \u201cAsociaci\u00f3n para Evitar la Ceguera en M\u00e9xico I.A.P.\u201d (APEC) a la Lic. Ma. Isabel Hinojosa Mu\u00f1oz de Cote, responsable del Departamento de Procuraci\u00f3n de Fondos y Alianzas Estrat\u00e9gicas.<\/p>\n\n\n\n<p>\u00a1Gracias a todos nuestros clientes del 2022-2023! Gracias a su confianza pudimos ayudar durante el a\u00f1o pasado con 8 procedimientos en las que se vieron beneficiados: Miguel \u00c1ngel de 1 a\u00f1o \u2013 Faco + Lio + EBA, Joselyne Citlalli de 12 a\u00f1os \u2013Estrabismo, Alexandra de 18 a\u00f1os \u2013 Fluorangiograf\u00eda + Laboratorio cl\u00ednico, Elvia Mar\u00eda de 37 a\u00f1os \u2013 Aplicaci\u00f3n de Wetlia, Ismael de 55 a\u00f1os &#8211; Implante de V\u00e1lvula Ahmed, Mar\u00eda Eva de 63 a\u00f1os &#8211; Faco Monofocal + Implante de Baerveldt, Gelasia de 80 a\u00f1os &#8211; OCT Fibras Nerviosas y Tomasa de 90 a\u00f1os \u2013Faco Monofocal A,  lo que ha contribuido de manera muy importante para que puedan tener una mejor calidad de vida.  Con estos \u00faltimos procedimientos, llevamos ya gracias a todos ustedes un acumulado de 38 personas beneficiadas a lo largo de nuestra historia. \u00a1Vamos este 2024 por m\u00e1s!<\/p>\n\n\n\n<p>En Consultor\u00eda en Excelencia Organizacional estamos conscientes de la importancia que debe tener una \u201cBuena Visi\u00f3n\u201d en todas las Empresas. Una VISION ayuda a guiar a los diferentes niveles organizacionales de una empresa a alcanzar sus objetivos de negocio.<\/p>\n\n\n\n<p>De igual manera, la VISION es el sentido m\u00e1s importante que tiene el hombre, y desgraciadamente el 43% de la poblaci\u00f3n padece de alg\u00fan problema visual. Muchas de las enfermedades y padecimientos que afectan la VISION pueden ser curables y\/o tratables si se detectan y atacan a tiempo.<\/p>\n\n\n\n<p>Es por eso que desde sus inicios, Consultor\u00eda en Excelencia Organizacional ha decidido aportar su \u201cgranito de arena\u201d y apoyar a la Asociaci\u00f3n para Evitar la Ceguera en M\u00e9xico I.A.P. y donar de forma permanente un porcentaje de su facturaci\u00f3n a esta noble causa.<\/p>\n\n\n\n<p>Los invitamos a consultar la p\u00e1gina de la APEC para conocer m\u00e1s de esta gran instituci\u00f3n, y ya saben, cada vez que contraten los servicios de nuestra Consultor\u00eda estar\u00e1n ayudando en la lucha para evitar la ceguera en M\u00e9xico.<br>www.apec.org.mx<\/p>\n\n\n\n<p><em><strong>\u00a1 PORQUE NUNCA DEBEMOS PERDER LA VISI\u00d3N !<\/strong><\/em><\/p>\n\n\n\n<div class=\"wp-block-image\"><figure class=\"aligncenter\"><img loading=\"lazy\" decoding=\"async\" width=\"640\" height=\"360\" src=\"http:\/\/excelenciaorganizacional.com\/wp-content\/uploads\/2022\/08\/Gracias.jpg\" alt=\"\" class=\"wp-image-1052\" srcset=\"http:\/\/excelenciaorganizacional.com\/wp-content\/uploads\/2022\/08\/Gracias.jpg 640w, http:\/\/excelenciaorganizacional.com\/wp-content\/uploads\/2022\/08\/Gracias-300x169.jpg 300w, http:\/\/excelenciaorganizacional.com\/wp-content\/uploads\/2022\/08\/Gracias-210x118.jpg 210w\" sizes=\"auto, (max-width: 640px) 100vw, 640px\" \/><\/figure><\/div>\n","protected":false},"excerpt":{"rendered":"<p>Como parte de nuestra filosof\u00eda institucional, un porcentaje de nuestros ingresos anuales se destinan para contribuir con nuestro granito de arena en esta importante causa social. Es por esto que, &hellip; <a class=\"readmore\" href=\"http:\/\/excelenciaorganizacional.com\/index.php\/apec-ayuda-con-causa\/donativo-2023\/\">Continuar Leyendo &rarr;<\/a><\/p>\n","protected":false},"author":1,"featured_media":0,"parent":455,"menu_order":8,"comment_status":"closed","ping_status":"closed","template":"","meta":{"footnotes":""},"class_list":["post-1592","page","type-page","status-publish","hentry"],"_links":{"self":[{"href":"http:\/\/excelenciaorganizacional.com\/index.php\/wp-json\/wp\/v2\/pages\/1592","targetHints":{"allow":["GET"]}}],"collection":[{"href":"http:\/\/excelenciaorganizacional.com\/index.php\/wp-json\/wp\/v2\/pages"}],"about":[{"href":"http:\/\/excelenciaorganizacional.com\/index.php\/wp-json\/wp\/v2\/types\/page"}],"author":[{"embeddable":true,"href":"http:\/\/excelenciaorganizacional.com\/index.php\/wp-json\/wp\/v2\/users\/1"}],"replies":[{"embeddable":true,"href":"http:\/\/excelenciaorganizacional.com\/index.php\/wp-json\/wp\/v2\/comments?post=1592"}],"version-history":[{"count":3,"href":"http:\/\/excelenciaorganizacional.com\/index.php\/wp-json\/wp\/v2\/pages\/1592\/revisions"}],"predecessor-version":[{"id":1597,"href":"http:\/\/excelenciaorganizacional.com\/index.php\/wp-json\/wp\/v2\/pages\/1592\/revisions\/1597"}],"up":[{"embeddable":true,"href":"http:\/\/excelenciaorganizacional.com\/index.php\/wp-json\/wp\/v2\/pages\/455"}],"wp:attachment":[{"href":"http:\/\/excelenciaorganizacional.com\/index.php\/wp-json\/wp\/v2\/media?parent=1592"}],"curies":[{"name":"wp","href":"https:\/\/api.w.org\/{rel}","templated":true}]}}