{"id":1702,"date":"2025-06-29T20:54:08","date_gmt":"2025-06-29T20:54:08","guid":{"rendered":"https:\/\/excelenciaorganizacional.com\/?page_id=1702"},"modified":"2025-06-29T20:54:09","modified_gmt":"2025-06-29T20:54:09","slug":"diseno-e-implementacion-de-un-sistema-de-trabajo-de-alto-desempeno-coparmex-2017","status":"publish","type":"page","link":"http:\/\/excelenciaorganizacional.com\/index.php\/eventos\/diseno-e-implementacion-de-un-sistema-de-trabajo-de-alto-desempeno-coparmex-2017\/","title":{"rendered":"Dise\u00f1o e Implementaci\u00f3n de un Sistema de Trabajo de Alto Desempe\u00f1o &#8211; COPARMEX 2017"},"content":{"rendered":"<div class=\"wp-block-image\">\n<figure class=\"aligncenter size-large\"><a href=\"https:\/\/excelenciaorganizacional.com\/wp-content\/uploads\/2025\/06\/Diseno-e-Implementacion-STAD.png\" rel=\"lightbox[1702]\"><img loading=\"lazy\" decoding=\"async\" width=\"743\" height=\"1024\" src=\"https:\/\/excelenciaorganizacional.com\/wp-content\/uploads\/2025\/06\/Diseno-e-Implementacion-STAD-743x1024.png\" alt=\"\" class=\"wp-image-1703\" srcset=\"http:\/\/excelenciaorganizacional.com\/wp-content\/uploads\/2025\/06\/Diseno-e-Implementacion-STAD-743x1024.png 743w, http:\/\/excelenciaorganizacional.com\/wp-content\/uploads\/2025\/06\/Diseno-e-Implementacion-STAD-218x300.png 218w, http:\/\/excelenciaorganizacional.com\/wp-content\/uploads\/2025\/06\/Diseno-e-Implementacion-STAD-768x1058.png 768w, http:\/\/excelenciaorganizacional.com\/wp-content\/uploads\/2025\/06\/Diseno-e-Implementacion-STAD-1115x1536.png 1115w, http:\/\/excelenciaorganizacional.com\/wp-content\/uploads\/2025\/06\/Diseno-e-Implementacion-STAD-1486x2048.png 1486w, http:\/\/excelenciaorganizacional.com\/wp-content\/uploads\/2025\/06\/Diseno-e-Implementacion-STAD-152x210.png 152w, http:\/\/excelenciaorganizacional.com\/wp-content\/uploads\/2025\/06\/Diseno-e-Implementacion-STAD.png 1600w\" sizes=\"auto, (max-width: 743px) 100vw, 743px\" \/><\/a><\/figure><\/div>","protected":false},"excerpt":{"rendered":"","protected":false},"author":1,"featured_media":0,"parent":1667,"menu_order":0,"comment_status":"closed","ping_status":"closed","template":"","meta":{"footnotes":""},"class_list":["post-1702","page","type-page","status-publish","hentry"],"_links":{"self":[{"href":"http:\/\/excelenciaorganizacional.com\/index.php\/wp-json\/wp\/v2\/pages\/1702","targetHints":{"allow":["GET"]}}],"collection":[{"href":"http:\/\/excelenciaorganizacional.com\/index.php\/wp-json\/wp\/v2\/pages"}],"about":[{"href":"http:\/\/excelenciaorganizacional.com\/index.php\/wp-json\/wp\/v2\/types\/page"}],"author":[{"embeddable":true,"href":"http:\/\/excelenciaorganizacional.com\/index.php\/wp-json\/wp\/v2\/users\/1"}],"replies":[{"embeddable":true,"href":"http:\/\/excelenciaorganizacional.com\/index.php\/wp-json\/wp\/v2\/comments?post=1702"}],"version-history":[{"count":1,"href":"http:\/\/excelenciaorganizacional.com\/index.php\/wp-json\/wp\/v2\/pages\/1702\/revisions"}],"predecessor-version":[{"id":1704,"href":"http:\/\/excelenciaorganizacional.com\/index.php\/wp-json\/wp\/v2\/pages\/1702\/revisions\/1704"}],"up":[{"embeddable":true,"href":"http:\/\/excelenciaorganizacional.com\/index.php\/wp-json\/wp\/v2\/pages\/1667"}],"wp:attachment":[{"href":"http:\/\/excelenciaorganizacional.com\/index.php\/wp-json\/wp\/v2\/media?parent=1702"}],"curies":[{"name":"wp","href":"https:\/\/api.w.org\/{rel}","templated":true}]}}