{"id":1793,"date":"2025-06-29T23:33:51","date_gmt":"2025-06-29T23:33:51","guid":{"rendered":"https:\/\/excelenciaorganizacional.com\/?page_id=1793"},"modified":"2025-06-29T23:34:25","modified_gmt":"2025-06-29T23:34:25","slug":"medicion-del-impacto-de-la-consultoria-y-capacitacion-circulo-de-genios-2017","status":"publish","type":"page","link":"http:\/\/excelenciaorganizacional.com\/index.php\/eventos\/medicion-del-impacto-de-la-consultoria-y-capacitacion-circulo-de-genios-2017\/","title":{"rendered":"Medici\u00f3n del Impacto de la Consultor\u00eda y Capacitaci\u00f3n &#8211; C\u00edrculo de Genios 2017"},"content":{"rendered":"<div class=\"wp-block-image\">\n<figure class=\"aligncenter size-full is-resized\"><a href=\"https:\/\/excelenciaorganizacional.com\/wp-content\/uploads\/2025\/06\/FB_IMG_1506800062730.jpg\" rel=\"lightbox[1793]\"><img loading=\"lazy\" decoding=\"async\" width=\"720\" height=\"405\" src=\"https:\/\/excelenciaorganizacional.com\/wp-content\/uploads\/2025\/06\/FB_IMG_1506800062730.jpg\" alt=\"\" class=\"wp-image-1794\" style=\"width:540px;height:auto\" srcset=\"http:\/\/excelenciaorganizacional.com\/wp-content\/uploads\/2025\/06\/FB_IMG_1506800062730.jpg 720w, http:\/\/excelenciaorganizacional.com\/wp-content\/uploads\/2025\/06\/FB_IMG_1506800062730-300x169.jpg 300w, http:\/\/excelenciaorganizacional.com\/wp-content\/uploads\/2025\/06\/FB_IMG_1506800062730-210x118.jpg 210w\" sizes=\"auto, (max-width: 720px) 100vw, 720px\" \/><\/a><\/figure><\/div>\n\n<div class=\"wp-block-image\">\n<figure class=\"aligncenter size-large is-resized\"><a href=\"https:\/\/excelenciaorganizacional.com\/wp-content\/uploads\/2025\/06\/IMG-20170930-WA0002.jpg\" rel=\"lightbox[1793]\"><img loading=\"lazy\" decoding=\"async\" width=\"1024\" height=\"577\" src=\"https:\/\/excelenciaorganizacional.com\/wp-content\/uploads\/2025\/06\/IMG-20170930-WA0002-1024x577.jpg\" alt=\"\" class=\"wp-image-1795\" style=\"width:548px;height:auto\" srcset=\"http:\/\/excelenciaorganizacional.com\/wp-content\/uploads\/2025\/06\/IMG-20170930-WA0002-1024x577.jpg 1024w, http:\/\/excelenciaorganizacional.com\/wp-content\/uploads\/2025\/06\/IMG-20170930-WA0002-300x169.jpg 300w, http:\/\/excelenciaorganizacional.com\/wp-content\/uploads\/2025\/06\/IMG-20170930-WA0002-768x433.jpg 768w, http:\/\/excelenciaorganizacional.com\/wp-content\/uploads\/2025\/06\/IMG-20170930-WA0002-210x118.jpg 210w, http:\/\/excelenciaorganizacional.com\/wp-content\/uploads\/2025\/06\/IMG-20170930-WA0002.jpg 1280w\" sizes=\"auto, (max-width: 1024px) 100vw, 1024px\" \/><\/a><\/figure><\/div>\n\n<div class=\"wp-block-image\">\n<figure class=\"aligncenter size-full is-resized\"><a href=\"https:\/\/excelenciaorganizacional.com\/wp-content\/uploads\/2025\/06\/FB_IMG_1506806180686.jpg\" rel=\"lightbox[1793]\"><img loading=\"lazy\" decoding=\"async\" width=\"720\" height=\"405\" src=\"https:\/\/excelenciaorganizacional.com\/wp-content\/uploads\/2025\/06\/FB_IMG_1506806180686.jpg\" alt=\"\" class=\"wp-image-1796\" style=\"width:548px;height:auto\" srcset=\"http:\/\/excelenciaorganizacional.com\/wp-content\/uploads\/2025\/06\/FB_IMG_1506806180686.jpg 720w, http:\/\/excelenciaorganizacional.com\/wp-content\/uploads\/2025\/06\/FB_IMG_1506806180686-300x169.jpg 300w, http:\/\/excelenciaorganizacional.com\/wp-content\/uploads\/2025\/06\/FB_IMG_1506806180686-210x118.jpg 210w\" sizes=\"auto, (max-width: 720px) 100vw, 720px\" \/><\/a><\/figure><\/div>","protected":false},"excerpt":{"rendered":"","protected":false},"author":1,"featured_media":0,"parent":1667,"menu_order":0,"comment_status":"closed","ping_status":"closed","template":"","meta":{"footnotes":""},"class_list":["post-1793","page","type-page","status-publish","hentry"],"_links":{"self":[{"href":"http:\/\/excelenciaorganizacional.com\/index.php\/wp-json\/wp\/v2\/pages\/1793","targetHints":{"allow":["GET"]}}],"collection":[{"href":"http:\/\/excelenciaorganizacional.com\/index.php\/wp-json\/wp\/v2\/pages"}],"about":[{"href":"http:\/\/excelenciaorganizacional.com\/index.php\/wp-json\/wp\/v2\/types\/page"}],"author":[{"embeddable":true,"href":"http:\/\/excelenciaorganizacional.com\/index.php\/wp-json\/wp\/v2\/users\/1"}],"replies":[{"embeddable":true,"href":"http:\/\/excelenciaorganizacional.com\/index.php\/wp-json\/wp\/v2\/comments?post=1793"}],"version-history":[{"count":2,"href":"http:\/\/excelenciaorganizacional.com\/index.php\/wp-json\/wp\/v2\/pages\/1793\/revisions"}],"predecessor-version":[{"id":1798,"href":"http:\/\/excelenciaorganizacional.com\/index.php\/wp-json\/wp\/v2\/pages\/1793\/revisions\/1798"}],"up":[{"embeddable":true,"href":"http:\/\/excelenciaorganizacional.com\/index.php\/wp-json\/wp\/v2\/pages\/1667"}],"wp:attachment":[{"href":"http:\/\/excelenciaorganizacional.com\/index.php\/wp-json\/wp\/v2\/media?parent=1793"}],"curies":[{"name":"wp","href":"https:\/\/api.w.org\/{rel}","templated":true}]}}