{"id":1818,"date":"2025-09-07T17:07:21","date_gmt":"2025-09-07T17:07:21","guid":{"rendered":"https:\/\/excelenciaorganizacional.com\/?page_id=1818"},"modified":"2025-09-07T17:07:22","modified_gmt":"2025-09-07T17:07:22","slug":"donativo-2025","status":"publish","type":"page","link":"http:\/\/excelenciaorganizacional.com\/index.php\/apec-ayuda-con-causa\/donativo-2025\/","title":{"rendered":"Donativo 2025"},"content":{"rendered":"<div class=\"wp-block-image\">\n<figure class=\"aligncenter size-large is-resized\"><a href=\"https:\/\/excelenciaorganizacional.com\/wp-content\/uploads\/2025\/09\/APEC-Donativo.jpg\" rel=\"lightbox[1818]\"><img loading=\"lazy\" decoding=\"async\" width=\"758\" height=\"1024\" src=\"https:\/\/excelenciaorganizacional.com\/wp-content\/uploads\/2025\/09\/APEC-Donativo-758x1024.jpg\" alt=\"\" class=\"wp-image-1819\" style=\"width:309px;height:auto\" srcset=\"http:\/\/excelenciaorganizacional.com\/wp-content\/uploads\/2025\/09\/APEC-Donativo-758x1024.jpg 758w, http:\/\/excelenciaorganizacional.com\/wp-content\/uploads\/2025\/09\/APEC-Donativo-222x300.jpg 222w, http:\/\/excelenciaorganizacional.com\/wp-content\/uploads\/2025\/09\/APEC-Donativo-768x1038.jpg 768w, http:\/\/excelenciaorganizacional.com\/wp-content\/uploads\/2025\/09\/APEC-Donativo-155x210.jpg 155w, http:\/\/excelenciaorganizacional.com\/wp-content\/uploads\/2025\/09\/APEC-Donativo.jpg 1080w\" sizes=\"auto, (max-width: 758px) 100vw, 758px\" \/><\/a><\/figure><\/div>\n\n\n<p>Como parte de nuestra filosof\u00eda institucional, un porcentaje de nuestros ingresos anuales se destinan para contribuir con nuestro granito de arena en esta importante causa social. Es por esto por lo que nos llena de gran satisfacci\u00f3n compartir con todos ustedes el destino que se le dio a nuestro donativo de este a\u00f1o a la \u201cAsociaci\u00f3n para Evitar la Ceguera en M\u00e9xico, A.C.\u201d<\/p>\n\n\n\n<p>Gracias a su confianza pudimos ayudar durante el a\u00f1o pasado con 7 procedimientos en las que se vieron beneficiados: Jos\u00e9 Luis de 60 a\u00f1os \u2013 Implante de V\u00e1lvula AHMED, Mar\u00eda del Carmen de 67 a\u00f1os \u2013 Iridectom\u00eda, Jos\u00e9 Carlos de 74 a\u00f1os \u2013 Aplicaci\u00f3n Wetlia, Mar\u00eda de Lourdes de 77 a\u00f1os \u2013 Facoemulsificaci\u00f3n con Implante de Lio Monofocal A, Guadalupe de 79 a\u00f1os \u2013 Facoemulsificaci\u00f3n con Implante de Lio Monofocal A, Micailina de 79 a\u00f1os \u2013 UBM y Alamberto de 20 a\u00f1os \u2013 Cross Linking, lo que ha contribuido de manera muy importante para que puedan tener una mejor calidad de vida. Con estos \u00faltimos procedimientos, llevamos ya gracias a todos ustedes un acumulado de 52 personas beneficiadas a lo largo de nuestros 10 a\u00f1os de historia. \u00a1Vamos por m\u00e1s!<\/p>\n\n\n\n<p>En Consultor\u00eda en Excelencia Organizacional estamos conscientes de la importancia que debe tener una \u201cBuena Visi\u00f3n\u201d en todas las Empresas. Una VISION ayuda a guiar a los diferentes niveles organizacionales de una empresa a alcanzar sus objetivos de negocio.<\/p>\n\n\n\n<p>De igual manera, la VISION es el sentido m\u00e1s importante que tiene el hombre, y desgraciadamente el 43% de la poblaci\u00f3n padece de alg\u00fan problema visual. Muchas de las enfermedades y padecimientos que afectan la VISION pueden ser curables y\/o tratables si se detectan y atacan a tiempo.<\/p>\n\n\n\n<p>Es por eso que, desde sus inicios, Consultor\u00eda en Excelencia Organizacional ha decidido aportar su \u201cgranito de arena\u201d y apoyar a la Asociaci\u00f3n para Evitar la Ceguera en M\u00e9xico I.A.P. y donar de forma permanente un porcentaje de su facturaci\u00f3n a esta noble causa.<\/p>\n\n\n\n<p>Los invitamos a consultar la p\u00e1gina de la APEC para conocer m\u00e1s de esta gran instituci\u00f3n, y ya saben, cada vez que contraten los servicios de nuestra Consultor\u00eda estar\u00e1n ayudando en la lucha para evitar la ceguera en M\u00e9xico.<\/p>\n\n\n\n<p>www.apec.org.mx<\/p>\n\n\n\n<p>\u00a1 PORQUE NUNCA DEBEMOS PERDER LA VISI\u00d3N !<\/p>\n\n\n\n<p><\/p>\n\n\n\n<p><\/p>\n","protected":false},"excerpt":{"rendered":"<p>Como parte de nuestra filosof\u00eda institucional, un porcentaje de nuestros ingresos anuales se destinan para contribuir con nuestro granito de arena en esta importante causa social. Es por esto por &hellip; <a class=\"readmore\" href=\"http:\/\/excelenciaorganizacional.com\/index.php\/apec-ayuda-con-causa\/donativo-2025\/\">Continuar Leyendo &rarr;<\/a><\/p>\n","protected":false},"author":1,"featured_media":0,"parent":455,"menu_order":0,"comment_status":"closed","ping_status":"closed","template":"","meta":{"footnotes":""},"class_list":["post-1818","page","type-page","status-publish","hentry"],"_links":{"self":[{"href":"http:\/\/excelenciaorganizacional.com\/index.php\/wp-json\/wp\/v2\/pages\/1818","targetHints":{"allow":["GET"]}}],"collection":[{"href":"http:\/\/excelenciaorganizacional.com\/index.php\/wp-json\/wp\/v2\/pages"}],"about":[{"href":"http:\/\/excelenciaorganizacional.com\/index.php\/wp-json\/wp\/v2\/types\/page"}],"author":[{"embeddable":true,"href":"http:\/\/excelenciaorganizacional.com\/index.php\/wp-json\/wp\/v2\/users\/1"}],"replies":[{"embeddable":true,"href":"http:\/\/excelenciaorganizacional.com\/index.php\/wp-json\/wp\/v2\/comments?post=1818"}],"version-history":[{"count":1,"href":"http:\/\/excelenciaorganizacional.com\/index.php\/wp-json\/wp\/v2\/pages\/1818\/revisions"}],"predecessor-version":[{"id":1820,"href":"http:\/\/excelenciaorganizacional.com\/index.php\/wp-json\/wp\/v2\/pages\/1818\/revisions\/1820"}],"up":[{"embeddable":true,"href":"http:\/\/excelenciaorganizacional.com\/index.php\/wp-json\/wp\/v2\/pages\/455"}],"wp:attachment":[{"href":"http:\/\/excelenciaorganizacional.com\/index.php\/wp-json\/wp\/v2\/media?parent=1818"}],"curies":[{"name":"wp","href":"https:\/\/api.w.org\/{rel}","templated":true}]}}