{"id":464,"date":"2016-06-11T02:50:17","date_gmt":"2016-06-11T02:50:17","guid":{"rendered":"http:\/\/excelenciaorganizacional.com\/?page_id=464"},"modified":"2025-06-29T20:34:32","modified_gmt":"2025-06-29T20:34:32","slug":"junio-21-incremento-sostenible-de-las-ventas-la-productividad-y-rentabilidad","status":"publish","type":"page","link":"http:\/\/excelenciaorganizacional.com\/index.php\/eventos\/junio-21-incremento-sostenible-de-las-ventas-la-productividad-y-rentabilidad\/","title":{"rendered":"Incremento Sostenible de las Ventas, la Productividad y Rentabilidad &#8211; COPARMEX 2016"},"content":{"rendered":"<p>&nbsp;<\/p>\n<p>Estimados Amigos: Les enviamos un cordial saludo y nos permitimos invitarlos a participar en esta Conferencia Especial en la que compartiremos las 5 estrategias m\u00e1s importantes que las grandes Empresas Internacionales est\u00e1n implementando para\u00a0incrementar de forma sostenible las Ventas, la Productividad y la Rentabilidad de sus Negocios, por lo que los invitamos a no dejar pasar esta oportunidad a celebrarse este Martes\u00a021 de\u00a0Junio a las 16:30 hrs en las instalaciones de COPARMEX &#8211; Quer\u00e9taro. La cuota de recuperaci\u00f3n es de tan s\u00f3lo $150.00 Agradeceremos puedan compartir esta invitaci\u00f3n con quienes puedan beneficiarse de esta pl\u00e1tica para asegurar la participaci\u00f3n de su Empresa en este evento<\/p>\n<p><a href=\"http:\/\/excelenciaorganizacional.com\/wp-content\/uploads\/2016\/06\/Curso-Junio1.png\" rel=\"lightbox[464]\"><img loading=\"lazy\" decoding=\"async\" class=\"aligncenter wp-image-468 size-full\" src=\"http:\/\/excelenciaorganizacional.com\/wp-content\/uploads\/2016\/06\/Curso-Junio1.png\" alt=\"Curso Junio\" width=\"700\" height=\"971\" srcset=\"http:\/\/excelenciaorganizacional.com\/wp-content\/uploads\/2016\/06\/Curso-Junio1.png 700w, http:\/\/excelenciaorganizacional.com\/wp-content\/uploads\/2016\/06\/Curso-Junio1-216x300.png 216w, http:\/\/excelenciaorganizacional.com\/wp-content\/uploads\/2016\/06\/Curso-Junio1-151x210.png 151w\" sizes=\"auto, (max-width: 700px) 100vw, 700px\" \/><\/a><\/p>\n","protected":false},"excerpt":{"rendered":"<p>&nbsp; Estimados Amigos: Les enviamos un cordial saludo y nos permitimos invitarlos a participar en esta Conferencia Especial en la que compartiremos las 5 estrategias m\u00e1s importantes que las grandes &hellip; <a class=\"readmore\" href=\"http:\/\/excelenciaorganizacional.com\/index.php\/eventos\/junio-21-incremento-sostenible-de-las-ventas-la-productividad-y-rentabilidad\/\">Continuar Leyendo &rarr;<\/a><\/p>\n","protected":false},"author":1,"featured_media":0,"parent":1667,"menu_order":0,"comment_status":"closed","ping_status":"closed","template":"","meta":{"footnotes":""},"class_list":["post-464","page","type-page","status-publish","hentry"],"_links":{"self":[{"href":"http:\/\/excelenciaorganizacional.com\/index.php\/wp-json\/wp\/v2\/pages\/464","targetHints":{"allow":["GET"]}}],"collection":[{"href":"http:\/\/excelenciaorganizacional.com\/index.php\/wp-json\/wp\/v2\/pages"}],"about":[{"href":"http:\/\/excelenciaorganizacional.com\/index.php\/wp-json\/wp\/v2\/types\/page"}],"author":[{"embeddable":true,"href":"http:\/\/excelenciaorganizacional.com\/index.php\/wp-json\/wp\/v2\/users\/1"}],"replies":[{"embeddable":true,"href":"http:\/\/excelenciaorganizacional.com\/index.php\/wp-json\/wp\/v2\/comments?post=464"}],"version-history":[{"count":5,"href":"http:\/\/excelenciaorganizacional.com\/index.php\/wp-json\/wp\/v2\/pages\/464\/revisions"}],"predecessor-version":[{"id":1692,"href":"http:\/\/excelenciaorganizacional.com\/index.php\/wp-json\/wp\/v2\/pages\/464\/revisions\/1692"}],"up":[{"embeddable":true,"href":"http:\/\/excelenciaorganizacional.com\/index.php\/wp-json\/wp\/v2\/pages\/1667"}],"wp:attachment":[{"href":"http:\/\/excelenciaorganizacional.com\/index.php\/wp-json\/wp\/v2\/media?parent=464"}],"curies":[{"name":"wp","href":"https:\/\/api.w.org\/{rel}","templated":true}]}}