{"id":484,"date":"2016-07-18T21:37:27","date_gmt":"2016-07-18T21:37:27","guid":{"rendered":"http:\/\/excelenciaorganizacional.com\/?page_id=484"},"modified":"2017-06-28T18:05:17","modified_gmt":"2017-06-28T18:05:17","slug":"porque-nunca-se-debe-perder-la-vision","status":"publish","type":"page","link":"http:\/\/excelenciaorganizacional.com\/index.php\/apec-ayuda-con-causa\/porque-nunca-se-debe-perder-la-vision\/","title":{"rendered":"Porque Nunca se debe Perder la Visi\u00f3n&#8230;"},"content":{"rendered":"<p style=\"text-align: center;\"><a href=\"http:\/\/excelenciaorganizacional.com\/wp-content\/uploads\/2016\/07\/Donativo-1.jpg\" rel=\"lightbox[484]\"><img loading=\"lazy\" decoding=\"async\" class=\"alignnone wp-image-485 size-large\" src=\"http:\/\/excelenciaorganizacional.com\/wp-content\/uploads\/2016\/07\/Donativo-1-1024x682.jpg\" alt=\"Donativo 1\" width=\"642\" height=\"428\" srcset=\"http:\/\/excelenciaorganizacional.com\/wp-content\/uploads\/2016\/07\/Donativo-1-1024x682.jpg 1024w, http:\/\/excelenciaorganizacional.com\/wp-content\/uploads\/2016\/07\/Donativo-1-300x200.jpg 300w, http:\/\/excelenciaorganizacional.com\/wp-content\/uploads\/2016\/07\/Donativo-1-210x140.jpg 210w, http:\/\/excelenciaorganizacional.com\/wp-content\/uploads\/2016\/07\/Donativo-1.jpg 1688w\" sizes=\"auto, (max-width: 642px) 100vw, 642px\" \/><\/a><\/p>\n<p style=\"text-align: justify;\">En el marco de las celebraciones de nuestro aniversario, el pasado Viernes 15 de Julio del 2016, el Ing. Guillermo Guti\u00e9rrez D\u00edaz, Director General de &#8220;Consultor\u00eda en Excelencia Organizacional&#8221; hizo entrega de su\u00a0Donativo Anual a la &#8220;Asociaci\u00f3n para Evitar la Ceguera en M\u00e9xico I.A.P.&#8221; (APEC) en presencia del Dr. Rafael S\u00e1nchez Font\u00e1n, Presidente del Patronato, la Lic. Pamela Godelmann Horcasitas, Coordinadora de Desarrollo Institucional y el Sr. Jorge Guti\u00e9rrez Olivares, Amigo del Patronato.\u00a0\u00a1Enhorabuena!<\/p>\n<p style=\"text-align: justify;\">PORQUE NUNCA SE DEBE PERDER LA VISION<\/p>\n<p style=\"text-align: justify;\"><a href=\"http:\/\/excelenciaorganizacional.com\/wp-content\/uploads\/2016\/05\/APEC.jpg\" rel=\"lightbox[484]\"><img loading=\"lazy\" decoding=\"async\" class=\"aligncenter wp-image-457 size-full\" src=\"http:\/\/excelenciaorganizacional.com\/wp-content\/uploads\/2016\/05\/APEC.jpg\" alt=\"APEC\" width=\"300\" height=\"97\" srcset=\"http:\/\/excelenciaorganizacional.com\/wp-content\/uploads\/2016\/05\/APEC.jpg 300w, http:\/\/excelenciaorganizacional.com\/wp-content\/uploads\/2016\/05\/APEC-210x68.jpg 210w\" sizes=\"auto, (max-width: 300px) 100vw, 300px\" \/><\/a><\/p>\n<p style=\"text-align: justify;\"><a href=\"http:\/\/excelenciaorganizacional.com\/wp-content\/uploads\/2015\/07\/logo.png\" rel=\"lightbox[484]\"><img loading=\"lazy\" decoding=\"async\" class=\"aligncenter wp-image-24 size-medium\" src=\"http:\/\/excelenciaorganizacional.com\/wp-content\/uploads\/2015\/07\/logo-300x103.png\" alt=\"logo\" width=\"300\" height=\"103\" srcset=\"http:\/\/excelenciaorganizacional.com\/wp-content\/uploads\/2015\/07\/logo-300x103.png 300w, http:\/\/excelenciaorganizacional.com\/wp-content\/uploads\/2015\/07\/logo-210x72.png 210w, http:\/\/excelenciaorganizacional.com\/wp-content\/uploads\/2015\/07\/logo.png 600w\" sizes=\"auto, (max-width: 300px) 100vw, 300px\" \/><\/a><\/p>\n<p style=\"text-align: justify;\">Con gran satisfacci\u00f3n compartimos los primeros 2 casos apoyados con el Donativo que gracias al apoyo de todos ustedes se han hecho realidad: Una operaci\u00f3n para corregir desprendimiento de retina en ojo derecho de Rodrigo de 17 a\u00f1os de edad y una operaci\u00f3n de Vitrectom\u00eda de Roberto Carlos de 32 a\u00f1os de edad.<\/p>\n<p style=\"text-align: justify;\">Ambos nos mandaron cartas de agradecimiento que ahora comparto con ustedes y que sirven de testimonio del buen uso que esta gran Instituci\u00f3n hace de los recursos que con todo cari\u00f1o reciben por parte nuestra. No cabe duda que los que menos tienen, son los que m\u00e1s dan&#8230; Gracias por el Chocolate que me enviaron !!!<\/p>\n<p style=\"text-align: justify;\"><a href=\"http:\/\/excelenciaorganizacional.com\/wp-content\/uploads\/2016\/07\/APEC-Agradecimiento-1.jpg\" rel=\"lightbox[484]\"><img loading=\"lazy\" decoding=\"async\" class=\"aligncenter wp-image-520 size-large\" src=\"http:\/\/excelenciaorganizacional.com\/wp-content\/uploads\/2016\/07\/APEC-Agradecimiento-1-796x1024.jpg\" alt=\"apec-agradecimiento-1\" width=\"642\" height=\"826\" srcset=\"http:\/\/excelenciaorganizacional.com\/wp-content\/uploads\/2016\/07\/APEC-Agradecimiento-1-796x1024.jpg 796w, http:\/\/excelenciaorganizacional.com\/wp-content\/uploads\/2016\/07\/APEC-Agradecimiento-1-233x300.jpg 233w, http:\/\/excelenciaorganizacional.com\/wp-content\/uploads\/2016\/07\/APEC-Agradecimiento-1-163x210.jpg 163w, http:\/\/excelenciaorganizacional.com\/wp-content\/uploads\/2016\/07\/APEC-Agradecimiento-1.jpg 874w\" sizes=\"auto, (max-width: 642px) 100vw, 642px\" \/><\/a><\/p>\n<p style=\"text-align: justify;\"><a href=\"http:\/\/excelenciaorganizacional.com\/wp-content\/uploads\/2016\/07\/APEC-Agradecimiento-2.jpg\" rel=\"lightbox[484]\"><img loading=\"lazy\" decoding=\"async\" class=\"aligncenter wp-image-522 size-large\" src=\"http:\/\/excelenciaorganizacional.com\/wp-content\/uploads\/2016\/07\/APEC-Agradecimiento-2-750x1024.jpg\" alt=\"apec-agradecimiento-2\" width=\"642\" height=\"877\" srcset=\"http:\/\/excelenciaorganizacional.com\/wp-content\/uploads\/2016\/07\/APEC-Agradecimiento-2-750x1024.jpg 750w, http:\/\/excelenciaorganizacional.com\/wp-content\/uploads\/2016\/07\/APEC-Agradecimiento-2-220x300.jpg 220w, http:\/\/excelenciaorganizacional.com\/wp-content\/uploads\/2016\/07\/APEC-Agradecimiento-2-154x210.jpg 154w, http:\/\/excelenciaorganizacional.com\/wp-content\/uploads\/2016\/07\/APEC-Agradecimiento-2.jpg 824w\" sizes=\"auto, (max-width: 642px) 100vw, 642px\" \/><\/a><\/p>\n<p style=\"text-align: justify;\"><a href=\"http:\/\/excelenciaorganizacional.com\/wp-content\/uploads\/2016\/07\/APEC-Agradecimiento-3.jpg\" rel=\"lightbox[484]\"><img loading=\"lazy\" decoding=\"async\" class=\"aligncenter wp-image-523 size-large\" src=\"http:\/\/excelenciaorganizacional.com\/wp-content\/uploads\/2016\/07\/APEC-Agradecimiento-3-759x1024.jpg\" alt=\"apec-agradecimiento-3\" width=\"642\" height=\"866\" srcset=\"http:\/\/excelenciaorganizacional.com\/wp-content\/uploads\/2016\/07\/APEC-Agradecimiento-3-759x1024.jpg 759w, http:\/\/excelenciaorganizacional.com\/wp-content\/uploads\/2016\/07\/APEC-Agradecimiento-3-222x300.jpg 222w, http:\/\/excelenciaorganizacional.com\/wp-content\/uploads\/2016\/07\/APEC-Agradecimiento-3-156x210.jpg 156w, http:\/\/excelenciaorganizacional.com\/wp-content\/uploads\/2016\/07\/APEC-Agradecimiento-3.jpg 834w\" sizes=\"auto, (max-width: 642px) 100vw, 642px\" \/><\/a><\/p>\n<p style=\"text-align: justify;\"><a href=\"http:\/\/excelenciaorganizacional.com\/wp-content\/uploads\/2016\/07\/APEC-Agradecimiento-4.jpg\" rel=\"lightbox[484]\"><img loading=\"lazy\" decoding=\"async\" class=\"aligncenter wp-image-525 size-large\" src=\"http:\/\/excelenciaorganizacional.com\/wp-content\/uploads\/2016\/07\/APEC-Agradecimiento-4-743x1024.jpg\" alt=\"apec-agradecimiento-4\" width=\"642\" height=\"885\" srcset=\"http:\/\/excelenciaorganizacional.com\/wp-content\/uploads\/2016\/07\/APEC-Agradecimiento-4-743x1024.jpg 743w, http:\/\/excelenciaorganizacional.com\/wp-content\/uploads\/2016\/07\/APEC-Agradecimiento-4-218x300.jpg 218w, http:\/\/excelenciaorganizacional.com\/wp-content\/uploads\/2016\/07\/APEC-Agradecimiento-4-152x210.jpg 152w, http:\/\/excelenciaorganizacional.com\/wp-content\/uploads\/2016\/07\/APEC-Agradecimiento-4.jpg 816w\" sizes=\"auto, (max-width: 642px) 100vw, 642px\" \/><\/a><\/p>\n<p><a href=\"http:\/\/excelenciaorganizacional.com\/wp-content\/uploads\/2016\/07\/APEC-5-001.jpg\" rel=\"lightbox[484]\"><img loading=\"lazy\" decoding=\"async\" class=\"aligncenter wp-image-527 size-large\" src=\"http:\/\/excelenciaorganizacional.com\/wp-content\/uploads\/2016\/07\/APEC-5-001-753x1024.jpg\" alt=\"apec-5-001\" width=\"642\" height=\"873\" srcset=\"http:\/\/excelenciaorganizacional.com\/wp-content\/uploads\/2016\/07\/APEC-5-001-753x1024.jpg 753w, http:\/\/excelenciaorganizacional.com\/wp-content\/uploads\/2016\/07\/APEC-5-001-221x300.jpg 221w, http:\/\/excelenciaorganizacional.com\/wp-content\/uploads\/2016\/07\/APEC-5-001-154x210.jpg 154w, http:\/\/excelenciaorganizacional.com\/wp-content\/uploads\/2016\/07\/APEC-5-001.jpg 1512w\" sizes=\"auto, (max-width: 642px) 100vw, 642px\" \/><\/a><\/p>\n<p><a href=\"http:\/\/excelenciaorganizacional.com\/wp-content\/uploads\/2016\/07\/APEC-Agradecimiento-6.jpg\" rel=\"lightbox[484]\"><img loading=\"lazy\" decoding=\"async\" class=\"aligncenter wp-image-528 size-large\" src=\"http:\/\/excelenciaorganizacional.com\/wp-content\/uploads\/2016\/07\/APEC-Agradecimiento-6-805x1024.jpg\" alt=\"apec-agradecimiento-6\" width=\"642\" height=\"817\" srcset=\"http:\/\/excelenciaorganizacional.com\/wp-content\/uploads\/2016\/07\/APEC-Agradecimiento-6-805x1024.jpg 805w, http:\/\/excelenciaorganizacional.com\/wp-content\/uploads\/2016\/07\/APEC-Agradecimiento-6-236x300.jpg 236w, http:\/\/excelenciaorganizacional.com\/wp-content\/uploads\/2016\/07\/APEC-Agradecimiento-6-165x210.jpg 165w, http:\/\/excelenciaorganizacional.com\/wp-content\/uploads\/2016\/07\/APEC-Agradecimiento-6.jpg 884w\" sizes=\"auto, (max-width: 642px) 100vw, 642px\" \/><\/a><\/p>\n<p><a href=\"http:\/\/excelenciaorganizacional.com\/wp-content\/uploads\/2016\/07\/APEC-7-001.jpg\" rel=\"lightbox[484]\"><img loading=\"lazy\" decoding=\"async\" class=\"aligncenter wp-image-529 size-large\" src=\"http:\/\/excelenciaorganizacional.com\/wp-content\/uploads\/2016\/07\/APEC-7-001-1024x517.jpg\" alt=\"apec-7-001\" width=\"642\" height=\"324\" srcset=\"http:\/\/excelenciaorganizacional.com\/wp-content\/uploads\/2016\/07\/APEC-7-001-1024x517.jpg 1024w, http:\/\/excelenciaorganizacional.com\/wp-content\/uploads\/2016\/07\/APEC-7-001-300x152.jpg 300w, http:\/\/excelenciaorganizacional.com\/wp-content\/uploads\/2016\/07\/APEC-7-001-210x106.jpg 210w, http:\/\/excelenciaorganizacional.com\/wp-content\/uploads\/2016\/07\/APEC-7-001.jpg 1522w\" sizes=\"auto, (max-width: 642px) 100vw, 642px\" \/><\/a><\/p>\n<p style=\"text-align: justify;\">\n","protected":false},"excerpt":{"rendered":"<p>En el marco de las celebraciones de nuestro aniversario, el pasado Viernes 15 de Julio del 2016, el Ing. Guillermo Guti\u00e9rrez D\u00edaz, Director General de &#8220;Consultor\u00eda en Excelencia Organizacional&#8221; hizo &hellip; <a class=\"readmore\" href=\"http:\/\/excelenciaorganizacional.com\/index.php\/apec-ayuda-con-causa\/porque-nunca-se-debe-perder-la-vision\/\">Continuar Leyendo &rarr;<\/a><\/p>\n","protected":false},"author":1,"featured_media":0,"parent":455,"menu_order":0,"comment_status":"closed","ping_status":"closed","template":"","meta":{"footnotes":""},"class_list":["post-484","page","type-page","status-publish","hentry"],"_links":{"self":[{"href":"http:\/\/excelenciaorganizacional.com\/index.php\/wp-json\/wp\/v2\/pages\/484","targetHints":{"allow":["GET"]}}],"collection":[{"href":"http:\/\/excelenciaorganizacional.com\/index.php\/wp-json\/wp\/v2\/pages"}],"about":[{"href":"http:\/\/excelenciaorganizacional.com\/index.php\/wp-json\/wp\/v2\/types\/page"}],"author":[{"embeddable":true,"href":"http:\/\/excelenciaorganizacional.com\/index.php\/wp-json\/wp\/v2\/users\/1"}],"replies":[{"embeddable":true,"href":"http:\/\/excelenciaorganizacional.com\/index.php\/wp-json\/wp\/v2\/comments?post=484"}],"version-history":[{"count":8,"href":"http:\/\/excelenciaorganizacional.com\/index.php\/wp-json\/wp\/v2\/pages\/484\/revisions"}],"predecessor-version":[{"id":600,"href":"http:\/\/excelenciaorganizacional.com\/index.php\/wp-json\/wp\/v2\/pages\/484\/revisions\/600"}],"up":[{"embeddable":true,"href":"http:\/\/excelenciaorganizacional.com\/index.php\/wp-json\/wp\/v2\/pages\/455"}],"wp:attachment":[{"href":"http:\/\/excelenciaorganizacional.com\/index.php\/wp-json\/wp\/v2\/media?parent=484"}],"curies":[{"name":"wp","href":"https:\/\/api.w.org\/{rel}","templated":true}]}}