{"id":818,"date":"2020-03-25T16:32:34","date_gmt":"2020-03-25T16:32:34","guid":{"rendered":"http:\/\/excelenciaorganizacional.com\/?page_id=818"},"modified":"2024-08-27T23:26:02","modified_gmt":"2024-08-27T23:26:02","slug":"nuevo-alianza-excelencia-operacional","status":"publish","type":"page","link":"http:\/\/excelenciaorganizacional.com\/index.php\/nuevo-alianza-excelencia-operacional\/","title":{"rendered":"Alianza con Synergia Consulting Group"},"content":{"rendered":"<h1 style=\"text-align: center;\"><\/h1>\n<p><a href=\"http:\/\/excelenciaorganizacional.com\/wp-content\/uploads\/2020\/03\/EO.png\" rel=\"lightbox[818]\"><img loading=\"lazy\" decoding=\"async\" class=\"aligncenter wp-image-833 size-large\" src=\"http:\/\/excelenciaorganizacional.com\/wp-content\/uploads\/2020\/03\/EO-1024x270.png\" alt=\"EO\" width=\"642\" height=\"169\" srcset=\"http:\/\/excelenciaorganizacional.com\/wp-content\/uploads\/2020\/03\/EO-1024x270.png 1024w, http:\/\/excelenciaorganizacional.com\/wp-content\/uploads\/2020\/03\/EO-300x79.png 300w, http:\/\/excelenciaorganizacional.com\/wp-content\/uploads\/2020\/03\/EO-210x55.png 210w, http:\/\/excelenciaorganizacional.com\/wp-content\/uploads\/2020\/03\/EO.png 1188w\" sizes=\"auto, (max-width: 642px) 100vw, 642px\" \/><\/a><\/p>\n<p style=\"text-align: center;\"><a href=\"http:\/\/excelenciaorganizacional.com\/wp-content\/uploads\/2020\/03\/400JpgdpiLogoCropped.jpg\" rel=\"lightbox[818]\"><img loading=\"lazy\" decoding=\"async\" class=\"aligncenter size-large wp-image-926\" src=\"http:\/\/excelenciaorganizacional.com\/wp-content\/uploads\/2020\/03\/400JpgdpiLogoCropped-1024x253.jpg\" alt=\"400JpgdpiLogoCropped\" width=\"642\" height=\"159\" srcset=\"http:\/\/excelenciaorganizacional.com\/wp-content\/uploads\/2020\/03\/400JpgdpiLogoCropped-1024x253.jpg 1024w, http:\/\/excelenciaorganizacional.com\/wp-content\/uploads\/2020\/03\/400JpgdpiLogoCropped-300x74.jpg 300w, http:\/\/excelenciaorganizacional.com\/wp-content\/uploads\/2020\/03\/400JpgdpiLogoCropped-210x52.jpg 210w\" sizes=\"auto, (max-width: 642px) 100vw, 642px\" \/><\/a><\/p>\n<p style=\"text-align: center;\">\u00a1\u00a1\u00a1 Con mucho gusto anunciamos que hemos\u00a0formado\u00a0una nueva alianza estrat\u00e9gica llamada &#8220;Synergia Consulting Group&#8221; con los mejores Consultores en materia de Excelencia Operacional de la Galaxia !!!<\/p>\n<p style=\"text-align: center;\"><a href=\"http:\/\/excelenciaorganizacional.com\/wp-content\/uploads\/2020\/03\/IMG-20191218-WA0134.jpg\" rel=\"lightbox[818]\"><img loading=\"lazy\" decoding=\"async\" class=\"aligncenter wp-image-834 size-medium\" src=\"http:\/\/excelenciaorganizacional.com\/wp-content\/uploads\/2020\/03\/IMG-20191218-WA0134-225x300.jpg\" alt=\"IMG-20191218-WA0134\" width=\"225\" height=\"300\" srcset=\"http:\/\/excelenciaorganizacional.com\/wp-content\/uploads\/2020\/03\/IMG-20191218-WA0134-225x300.jpg 225w, http:\/\/excelenciaorganizacional.com\/wp-content\/uploads\/2020\/03\/IMG-20191218-WA0134-768x1024.jpg 768w, http:\/\/excelenciaorganizacional.com\/wp-content\/uploads\/2020\/03\/IMG-20191218-WA0134-158x210.jpg 158w, http:\/\/excelenciaorganizacional.com\/wp-content\/uploads\/2020\/03\/IMG-20191218-WA0134.jpg 960w\" sizes=\"auto, (max-width: 225px) 100vw, 225px\" \/><\/a><\/p>\n<p style=\"text-align: justify;\">Es por eso que ahora te ofrecemos un Servicio Integral para apoyarte en tus esfuerzos por mejorar la Productividad de tu Negocio a trav\u00e9s de la adecuada implementaci\u00f3n de un Programa de Excelencia Operacional, basada en la metodolog\u00eda de TPM (Total Productive Maintenance) que ha probado su eficacia por m\u00e1s de 30 a\u00f1os en todo el mundo. Nos hemos aliado con un grupo de expertos en la metodolog\u00eda para poder acompa\u00f1arte en esta gran aventura:<\/p>\n<p style=\"text-align: center;\"><a href=\"http:\/\/excelenciaorganizacional.com\/wp-content\/uploads\/2020\/03\/SCG-Mision-e1661972524465.png\" rel=\"lightbox[818]\"><img loading=\"lazy\" decoding=\"async\" class=\"aligncenter wp-image-1043 size-full\" src=\"http:\/\/excelenciaorganizacional.com\/wp-content\/uploads\/2020\/03\/SCG-Mision-e1661972524465.png\" alt=\"\" width=\"700\" height=\"394\" \/><\/a><\/p>\n<p style=\"text-align: center;\"><img loading=\"lazy\" decoding=\"async\" class=\"aligncenter size-full wp-image-1310\" src=\"http:\/\/excelenciaorganizacional.com\/wp-content\/uploads\/2023\/10\/Quienes-Somos.png\" alt=\"\" width=\"960\" height=\"542\" srcset=\"http:\/\/excelenciaorganizacional.com\/wp-content\/uploads\/2023\/10\/Quienes-Somos.png 960w, http:\/\/excelenciaorganizacional.com\/wp-content\/uploads\/2023\/10\/Quienes-Somos-300x169.png 300w, http:\/\/excelenciaorganizacional.com\/wp-content\/uploads\/2023\/10\/Quienes-Somos-768x434.png 768w, http:\/\/excelenciaorganizacional.com\/wp-content\/uploads\/2023\/10\/Quienes-Somos-210x119.png 210w\" sizes=\"auto, (max-width: 960px) 100vw, 960px\" \/><\/p>\n<p style=\"text-align: center;\"><img loading=\"lazy\" decoding=\"async\" class=\"aligncenter size-full wp-image-1311\" src=\"http:\/\/excelenciaorganizacional.com\/wp-content\/uploads\/2023\/10\/Problematica.png\" alt=\"\" width=\"960\" height=\"541\" srcset=\"http:\/\/excelenciaorganizacional.com\/wp-content\/uploads\/2023\/10\/Problematica.png 960w, http:\/\/excelenciaorganizacional.com\/wp-content\/uploads\/2023\/10\/Problematica-300x169.png 300w, http:\/\/excelenciaorganizacional.com\/wp-content\/uploads\/2023\/10\/Problematica-768x433.png 768w, http:\/\/excelenciaorganizacional.com\/wp-content\/uploads\/2023\/10\/Problematica-210x118.png 210w\" sizes=\"auto, (max-width: 960px) 100vw, 960px\" \/><\/p>\n<p style=\"text-align: center;\"><img loading=\"lazy\" decoding=\"async\" class=\"aligncenter size-full wp-image-1313\" src=\"http:\/\/excelenciaorganizacional.com\/wp-content\/uploads\/2023\/10\/Areas.png\" alt=\"\" width=\"960\" height=\"540\" srcset=\"http:\/\/excelenciaorganizacional.com\/wp-content\/uploads\/2023\/10\/Areas.png 960w, http:\/\/excelenciaorganizacional.com\/wp-content\/uploads\/2023\/10\/Areas-300x169.png 300w, http:\/\/excelenciaorganizacional.com\/wp-content\/uploads\/2023\/10\/Areas-768x432.png 768w, http:\/\/excelenciaorganizacional.com\/wp-content\/uploads\/2023\/10\/Areas-210x118.png 210w\" sizes=\"auto, (max-width: 960px) 100vw, 960px\" \/><\/p>\n<p style=\"text-align: center;\"><img loading=\"lazy\" decoding=\"async\" class=\"aligncenter size-full wp-image-1314\" src=\"http:\/\/excelenciaorganizacional.com\/wp-content\/uploads\/2023\/10\/Soluciones.png\" alt=\"\" width=\"965\" height=\"540\" srcset=\"http:\/\/excelenciaorganizacional.com\/wp-content\/uploads\/2023\/10\/Soluciones.png 965w, http:\/\/excelenciaorganizacional.com\/wp-content\/uploads\/2023\/10\/Soluciones-300x168.png 300w, http:\/\/excelenciaorganizacional.com\/wp-content\/uploads\/2023\/10\/Soluciones-768x430.png 768w, http:\/\/excelenciaorganizacional.com\/wp-content\/uploads\/2023\/10\/Soluciones-210x118.png 210w\" sizes=\"auto, (max-width: 965px) 100vw, 965px\" \/><\/p>\n<p style=\"text-align: center;\"><img loading=\"lazy\" decoding=\"async\" class=\"aligncenter size-full wp-image-1315\" src=\"http:\/\/excelenciaorganizacional.com\/wp-content\/uploads\/2023\/10\/Por-que-nosotros.png\" alt=\"\" width=\"959\" height=\"542\" srcset=\"http:\/\/excelenciaorganizacional.com\/wp-content\/uploads\/2023\/10\/Por-que-nosotros.png 959w, http:\/\/excelenciaorganizacional.com\/wp-content\/uploads\/2023\/10\/Por-que-nosotros-300x170.png 300w, http:\/\/excelenciaorganizacional.com\/wp-content\/uploads\/2023\/10\/Por-que-nosotros-768x434.png 768w, http:\/\/excelenciaorganizacional.com\/wp-content\/uploads\/2023\/10\/Por-que-nosotros-210x119.png 210w\" sizes=\"auto, (max-width: 959px) 100vw, 959px\" \/><\/p>\n<p style=\"text-align: center;\"><img loading=\"lazy\" decoding=\"async\" class=\"aligncenter size-full wp-image-1316\" src=\"http:\/\/excelenciaorganizacional.com\/wp-content\/uploads\/2023\/10\/Como-lo-hacemos.png\" alt=\"\" width=\"960\" height=\"544\" srcset=\"http:\/\/excelenciaorganizacional.com\/wp-content\/uploads\/2023\/10\/Como-lo-hacemos.png 960w, http:\/\/excelenciaorganizacional.com\/wp-content\/uploads\/2023\/10\/Como-lo-hacemos-300x170.png 300w, http:\/\/excelenciaorganizacional.com\/wp-content\/uploads\/2023\/10\/Como-lo-hacemos-768x435.png 768w, http:\/\/excelenciaorganizacional.com\/wp-content\/uploads\/2023\/10\/Como-lo-hacemos-210x119.png 210w\" sizes=\"auto, (max-width: 960px) 100vw, 960px\" \/><\/p>\n<p style=\"text-align: center;\"><img loading=\"lazy\" decoding=\"async\" class=\"aligncenter size-full wp-image-1317\" src=\"http:\/\/excelenciaorganizacional.com\/wp-content\/uploads\/2023\/10\/Testimoniales.png\" alt=\"\" width=\"960\" height=\"541\" srcset=\"http:\/\/excelenciaorganizacional.com\/wp-content\/uploads\/2023\/10\/Testimoniales.png 960w, http:\/\/excelenciaorganizacional.com\/wp-content\/uploads\/2023\/10\/Testimoniales-300x169.png 300w, http:\/\/excelenciaorganizacional.com\/wp-content\/uploads\/2023\/10\/Testimoniales-768x433.png 768w, http:\/\/excelenciaorganizacional.com\/wp-content\/uploads\/2023\/10\/Testimoniales-210x118.png 210w\" sizes=\"auto, (max-width: 960px) 100vw, 960px\" \/><\/p>\n<p style=\"text-align: justify;\">Para mayores informes, cont\u00e1ctanos:<\/p>\n<p style=\"text-align: justify;\"><a href=\"http:\/\/excelenciaorganizacional.com\/wp-content\/uploads\/2015\/11\/Contacto.png\" rel=\"lightbox[818]\"><img loading=\"lazy\" decoding=\"async\" class=\"aligncenter size-full wp-image-224\" src=\"http:\/\/excelenciaorganizacional.com\/wp-content\/uploads\/2015\/11\/Contacto.png\" alt=\"Contacto\" width=\"1044\" height=\"296\" srcset=\"http:\/\/excelenciaorganizacional.com\/wp-content\/uploads\/2015\/11\/Contacto.png 1044w, http:\/\/excelenciaorganizacional.com\/wp-content\/uploads\/2015\/11\/Contacto-300x85.png 300w, http:\/\/excelenciaorganizacional.com\/wp-content\/uploads\/2015\/11\/Contacto-1024x290.png 1024w, http:\/\/excelenciaorganizacional.com\/wp-content\/uploads\/2015\/11\/Contacto-210x60.png 210w\" sizes=\"auto, (max-width: 1044px) 100vw, 1044px\" \/><\/a><\/p>\n","protected":false},"excerpt":{"rendered":"<p>\u00a1\u00a1\u00a1 Con mucho gusto anunciamos que hemos\u00a0formado\u00a0una nueva alianza estrat\u00e9gica llamada &#8220;Synergia Consulting Group&#8221; con los mejores Consultores en materia de Excelencia Operacional de la Galaxia !!! Es por eso &hellip; <a class=\"readmore\" href=\"http:\/\/excelenciaorganizacional.com\/index.php\/nuevo-alianza-excelencia-operacional\/\">Continuar Leyendo &rarr;<\/a><\/p>\n","protected":false},"author":1,"featured_media":0,"parent":0,"menu_order":4,"comment_status":"closed","ping_status":"closed","template":"","meta":{"footnotes":""},"class_list":["post-818","page","type-page","status-publish","hentry"],"_links":{"self":[{"href":"http:\/\/excelenciaorganizacional.com\/index.php\/wp-json\/wp\/v2\/pages\/818","targetHints":{"allow":["GET"]}}],"collection":[{"href":"http:\/\/excelenciaorganizacional.com\/index.php\/wp-json\/wp\/v2\/pages"}],"about":[{"href":"http:\/\/excelenciaorganizacional.com\/index.php\/wp-json\/wp\/v2\/types\/page"}],"author":[{"embeddable":true,"href":"http:\/\/excelenciaorganizacional.com\/index.php\/wp-json\/wp\/v2\/users\/1"}],"replies":[{"embeddable":true,"href":"http:\/\/excelenciaorganizacional.com\/index.php\/wp-json\/wp\/v2\/comments?post=818"}],"version-history":[{"count":18,"href":"http:\/\/excelenciaorganizacional.com\/index.php\/wp-json\/wp\/v2\/pages\/818\/revisions"}],"predecessor-version":[{"id":1600,"href":"http:\/\/excelenciaorganizacional.com\/index.php\/wp-json\/wp\/v2\/pages\/818\/revisions\/1600"}],"wp:attachment":[{"href":"http:\/\/excelenciaorganizacional.com\/index.php\/wp-json\/wp\/v2\/media?parent=818"}],"curies":[{"name":"wp","href":"https:\/\/api.w.org\/{rel}","templated":true}]}}